{"id":1871636,"date":"2025-01-10T11:15:46","date_gmt":"2025-01-10T10:15:46","guid":{"rendered":"https:\/\/www.timetobackpack.com\/byron-bay\/"},"modified":"2025-01-10T11:15:50","modified_gmt":"2025-01-10T10:15:50","slug":"byron-bay","status":"publish","type":"page","link":"https:\/\/www.timetobackpack.com\/en\/byron-bay\/","title":{"rendered":"Byron Bay"},"content":{"rendered":"[vc_row type=&#8221;in_container&#8221; full_screen_row_position=&#8221;middle&#8221; scene_position=&#8221;center&#8221; text_color=&#8221;dark&#8221; text_align=&#8221;left&#8221; class=&#8221;touren&#8221; overlay_strength=&#8221;0.3&#8243;][vc_column column_padding=&#8221;no-extra-padding&#8221; column_padding_position=&#8221;all&#8221; background_color_opacity=&#8221;1&#8243; background_hover_color_opacity=&#8221;1&#8243; column_shadow=&#8221;none&#8221; width=&#8221;1\/1&#8243; tablet_text_alignment=&#8221;default&#8221; phone_text_alignment=&#8221;default&#8221; column_border_width=&#8221;none&#8221; column_border_style=&#8221;solid&#8221;][vc_row_inner column_margin=&#8221;default&#8221; text_align=&#8221;left&#8221; class=&#8221;listtours&#8221;][vc_column_inner column_padding=&#8221;no-extra-padding&#8221; column_padding_position=&#8221;all&#8221; background_color_opacity=&#8221;1&#8243; width=&#8221;1\/1&#8243; column_border_width=&#8221;none&#8221; column_border_style=&#8221;solid&#8221;][heading subtitle=&#8221;Byron Bay is a seaside resort on the north coast of the Australian state of New South Wales.&#8221;]\n<h1>BYRON BAY<\/h1>\n[\/heading][vc_column_text]Byron Bay has a population of 4,959 and is located at the easternmost point of the Australian mainland (Cape Byron), approx. 800 km north of Sydney and 200 km south of Brisbane. The nearest airport is approx. 36.5 kilometers to the south in Ballina. The name of the town comes from John Byron, the grandfather of the poet Lord Byron, a British captain and circumnavigator of the 18th century. Around 32,000 people live in the administrative district of Byron Shire (as of 2006).[\/vc_column_text][divider line_type=&#8221;No Line&#8221; custom_height=&#8221;20&#8243;]<div class=\"woocommerce columns-3 \">\n  <ul class=\"products columns-3\" data-n-lazy=\"off\" data-rm-m-hover=\"off\" data-n-desktop-columns=\"4\" data-n-desktop-small-columns=\"2\" data-n-tablet-columns=\"2\" data-n-phone-columns=\"1\" data-product-style=\"classic\">\n\n\n<li class=\"product type-product post-1007 status-publish first instock product_cat-booking-by-hero product_cat-byron-bay has-post-thumbnail virtual sold-individually taxable purchasable product-type-booking\">\n\t<div class=\"container-preview-product-teaser\">\n\t\t<div class=\"content-preview-product-teaser\">\n\t\t\t\t   <div class=\"product-wrap\">\n\t\t\t<a href=\"https:\/\/www.timetobackpack.com\/shop\/ostkueste\/byron-bay\/delfin-kajak-tour-byron-bay\/\" aria-label=\"Delfin Kajak Tour \u2013 Byron Bay\"><img width=\"700\" height=\"450\" src=\"https:\/\/www.timetobackpack.com\/wp-content\/uploads\/2017\/09\/Delfin-Kajak-Tour-700x450.webp\" class=\"attachment-woocommerce_thumbnail size-woocommerce_thumbnail\" alt=\"Delfin Kajak Tour\" \/><img width=\"1080\" height=\"537\" src=\"https:\/\/www.timetobackpack.com\/wp-content\/uploads\/2017\/09\/Delfin-Kajak-Tour-2.jpg\" class=\"hover-gallery-image\" alt=\"Delfin Kajak Tour 2\" srcset=\"https:\/\/www.timetobackpack.com\/wp-content\/uploads\/2017\/09\/Delfin-Kajak-Tour-2.jpg 1080w, https:\/\/www.timetobackpack.com\/wp-content\/uploads\/2017\/09\/Delfin-Kajak-Tour-2-300x149.jpg 300w, https:\/\/www.timetobackpack.com\/wp-content\/uploads\/2017\/09\/Delfin-Kajak-Tour-2-1024x509.jpg 1024w, https:\/\/www.timetobackpack.com\/wp-content\/uploads\/2017\/09\/Delfin-Kajak-Tour-2-768x382.jpg 768w, https:\/\/www.timetobackpack.com\/wp-content\/uploads\/2017\/09\/Delfin-Kajak-Tour-2-800x398.jpg 800w\" sizes=\"(max-width: 1080px) 100vw, 1080px\" \/><\/a>\n\t\t\t<div class=\"product-add-to-cart\" data-nectar-quickview=\"false\"><a href=\"https:\/\/www.timetobackpack.com\/shop\/ostkueste\/byron-bay\/delfin-kajak-tour-byron-bay\/\" aria-describedby=\"woocommerce_loop_add_to_cart_link_describedby_1007\" data-quantity=\"1\" class=\"button product_type_booking add_to_cart_button\" data-product_id=\"1007\" data-product_sku=\"\" aria-label=\"Read more about &ldquo;Delfin Kajak Tour \u2013 Byron Bay&rdquo;\" rel=\"nofollow\">Read more<\/a>\t<span id=\"woocommerce_loop_add_to_cart_link_describedby_1007\" class=\"screen-reader-text\">\n\t\t\t<\/span>\n<\/div>\t\t   <\/div>\n\t\t<div class='preview-product-container'><div class='preview-product-title'>Delfin Kajak Tour \u2013 Byron Bay<\/div>\n\t<span class=\"price\"><span class=\"woocs_price_code\" data-currency=\"\" data-redraw-id=\"69d25a9fc71e9\"  data-product-id=\"1007\">From: <span class=\"woocommerce-Price-amount amount\"><bdi>84,00<span class=\"woocommerce-Price-currencySymbol\">&#36;<\/span><\/bdi><\/span><\/span><\/span>\n\n\n<div class='preview-product-desc'>Erkunde die K\u00fcste von Byron Bay mit dem Kajak<\/div><div class='preview-product-desc-btn-container'>\t\t\t\t\t<div class=\"duration-location-preview duration-location-2-elements\">\n\t\t\t\t\t\t<span class=\"duration-preview\"><i class=\"fa fa-clock-o\"><\/i>1 Tag<\/span>\n\t\t\t\t\t\t<span class=\"divider-attr\">|<\/span><span class=\"location-preview\"><i class=\"fa fa-map-marker\"><\/i>Byron Bay<\/span>\n\t\t\t\t\t<\/div>\n\t\t\t\t\t\n\t\t\t<div class=\"btn-product-link-container\">\n\t\t\t\t<a href=\"https:\/\/www.timetobackpack.com\/shop\/ostkueste\/byron-bay\/delfin-kajak-tour-byron-bay\/\" title=\"Delfin Kajak Tour \u2013 Byron Bay\" class=\"btn btn-product-link\">\n\t\t\t\t\tlearn more\t\t\t\t<\/a>\n\t\t\t<\/div>\n\n\t\t<\/div>\n\t<\/div>\n\t\n\n\n\n\t<\/div>\n\t<\/div>\n<\/li><li class=\"product type-product post-999 status-publish instock product_cat-byron-bay product_cat-ostkueste has-post-thumbnail virtual sold-individually taxable purchasable product-type-booking\">\n\t<div class=\"container-preview-product-teaser\">\n\t\t<div class=\"content-preview-product-teaser\">\n\t\t\t\t   <div class=\"product-wrap\">\n\t\t\t<a href=\"https:\/\/www.timetobackpack.com\/shop\/ostkueste\/byron-bay\/fallschirmsprung-byron-bay-australia-skydive\/\" aria-label=\"Fallschirmsprung Byron Bay \u2013 Skydive Australia\"><img width=\"700\" height=\"450\" src=\"https:\/\/www.timetobackpack.com\/wp-content\/uploads\/2017\/09\/5223b944d164d_2299_mission-beach-2-700x450.webp\" class=\"attachment-woocommerce_thumbnail size-woocommerce_thumbnail\" alt=\"Fallschirmsprung Byron Bay \u2013 Skydive Australia\" \/><img width=\"800\" height=\"533\" src=\"https:\/\/www.timetobackpack.com\/wp-content\/uploads\/2017\/09\/5223b7ac7840d_2299_australia-skydive-group-1.jpg\" class=\"hover-gallery-image\" alt=\"\" srcset=\"https:\/\/www.timetobackpack.com\/wp-content\/uploads\/2017\/09\/5223b7ac7840d_2299_australia-skydive-group-1.jpg 800w, https:\/\/www.timetobackpack.com\/wp-content\/uploads\/2017\/09\/5223b7ac7840d_2299_australia-skydive-group-1-300x200.jpg 300w, https:\/\/www.timetobackpack.com\/wp-content\/uploads\/2017\/09\/5223b7ac7840d_2299_australia-skydive-group-1-768x512.jpg 768w\" sizes=\"(max-width: 800px) 100vw, 800px\" \/><\/a>\n\t\t\t<div class=\"product-add-to-cart\" data-nectar-quickview=\"false\"><a href=\"https:\/\/www.timetobackpack.com\/shop\/ostkueste\/byron-bay\/fallschirmsprung-byron-bay-australia-skydive\/\" aria-describedby=\"woocommerce_loop_add_to_cart_link_describedby_999\" data-quantity=\"1\" class=\"button product_type_booking add_to_cart_button\" data-product_id=\"999\" data-product_sku=\"\" aria-label=\"Read more about &ldquo;Fallschirmsprung Byron Bay \u2013 Skydive Australia&rdquo;\" rel=\"nofollow\">Read more<\/a>\t<span id=\"woocommerce_loop_add_to_cart_link_describedby_999\" class=\"screen-reader-text\">\n\t\t\t<\/span>\n<\/div>\t\t   <\/div>\n\t\t<div class='preview-product-container'><div class='preview-product-title'>Fallschirmsprung Byron Bay \u2013 Skydive Australia<\/div>\n\t<span class=\"price\"><span class=\"woocs_price_code\" data-currency=\"\" data-redraw-id=\"69d25a9fcdef5\"  data-product-id=\"999\">From: <span class=\"woocommerce-Price-amount amount\"><bdi>350,00<span class=\"woocommerce-Price-currencySymbol\">&#36;<\/span><\/bdi><\/span><\/span><\/span>\n\n\n<div class='preview-product-desc'>St\u00fcrz dich ins Abenteuer! Wage einen Tandem-Fallschirmsprung aus einer H\u00f6he von 14.000ft und mit einem freien Fall von bis zu 60 Sekunden<\/div><div class='preview-product-desc-btn-container'>\t\t\t\t\t<div class=\"duration-location-preview duration-location-2-elements\">\n\t\t\t\t\t\t<span class=\"duration-preview\"><i class=\"fa fa-clock-o\"><\/i>1 Tag<\/span>\n\t\t\t\t\t\t<span class=\"divider-attr\">|<\/span><span class=\"location-preview\"><i class=\"fa fa-map-marker\"><\/i>Byron Bay<\/span>\n\t\t\t\t\t<\/div>\n\t\t\t\t\t\n\t\t\t<div class=\"btn-product-link-container\">\n\t\t\t\t<a href=\"https:\/\/www.timetobackpack.com\/shop\/ostkueste\/byron-bay\/fallschirmsprung-byron-bay-australia-skydive\/\" title=\"Fallschirmsprung Byron Bay \u2013 Skydive Australia\" class=\"btn btn-product-link\">\n\t\t\t\t\tlearn more\t\t\t\t<\/a>\n\t\t\t<\/div>\n\n\t\t<\/div>\n\t<\/div>\n\t\n\n\n\n\t<\/div>\n\t<\/div>\n<\/li><li class=\"product type-product post-983 status-publish last instock product_cat-booking-by-hero product_cat-byron-bay has-post-thumbnail virtual sold-individually taxable purchasable product-type-booking\">\n\t<div class=\"container-preview-product-teaser\">\n\t\t<div class=\"content-preview-product-teaser\">\n\t\t\t\t   <div class=\"product-wrap\">\n\t\t\t<a href=\"https:\/\/www.timetobackpack.com\/shop\/ostkueste\/byron-bay\/surfen-lernen-in-byron-bay\/\" aria-label=\"Surfen lernen in Byron Bay\"><img width=\"700\" height=\"450\" src=\"https:\/\/www.timetobackpack.com\/wp-content\/uploads\/2017\/09\/4ee1836854426_395_picyures-asa-best-of-the-best-158-700x450.webp\" class=\"attachment-woocommerce_thumbnail size-woocommerce_thumbnail\" alt=\"Surfen lernen in Byron Bay\" \/><img width=\"800\" height=\"600\" src=\"https:\/\/www.timetobackpack.com\/wp-content\/uploads\/2017\/09\/50244d60aa97d_395_p1010951.jpg\" class=\"hover-gallery-image\" alt=\"\" srcset=\"https:\/\/www.timetobackpack.com\/wp-content\/uploads\/2017\/09\/50244d60aa97d_395_p1010951.jpg 800w, https:\/\/www.timetobackpack.com\/wp-content\/uploads\/2017\/09\/50244d60aa97d_395_p1010951-300x225.jpg 300w, https:\/\/www.timetobackpack.com\/wp-content\/uploads\/2017\/09\/50244d60aa97d_395_p1010951-768x576.jpg 768w\" sizes=\"(max-width: 800px) 100vw, 800px\" \/><\/a>\n\t\t\t<div class=\"product-add-to-cart\" data-nectar-quickview=\"false\"><a href=\"https:\/\/www.timetobackpack.com\/shop\/ostkueste\/byron-bay\/surfen-lernen-in-byron-bay\/\" aria-describedby=\"woocommerce_loop_add_to_cart_link_describedby_983\" data-quantity=\"1\" class=\"button product_type_booking add_to_cart_button\" data-product_id=\"983\" data-product_sku=\"\" aria-label=\"Read more about &ldquo;Surfen lernen in Byron Bay&rdquo;\" rel=\"nofollow\">Read more<\/a>\t<span id=\"woocommerce_loop_add_to_cart_link_describedby_983\" class=\"screen-reader-text\">\n\t\t\t<\/span>\n<\/div>\t\t   <\/div>\n\t\t<div class='preview-product-container'><div class='preview-product-title'>Surfen lernen in Byron Bay<\/div>\n\t<span class=\"price\"><span class=\"woocs_price_code\" data-currency=\"\" data-redraw-id=\"69d25a9fd0b37\"  data-product-id=\"983\">From: <span class=\"woocommerce-Price-amount amount\"><bdi>76,00<span class=\"woocommerce-Price-currencySymbol\">&#36;<\/span><\/bdi><\/span><\/span><\/span>\n\n\n<div class='preview-product-desc'>Lerne Surfen in Australiens coolsten Stadt<\/div><div class='preview-product-desc-btn-container'>\t\t\t\t\t<div class=\"duration-location-preview duration-location-2-elements\">\n\t\t\t\t\t\t<span class=\"duration-preview\"><i class=\"fa fa-clock-o\"><\/i>Individuell<\/span>\n\t\t\t\t\t\t<span class=\"divider-attr\">|<\/span><span class=\"location-preview\"><i class=\"fa fa-map-marker\"><\/i>Byron Bay<\/span>\n\t\t\t\t\t<\/div>\n\t\t\t\t\t\n\t\t\t<div class=\"btn-product-link-container\">\n\t\t\t\t<a href=\"https:\/\/www.timetobackpack.com\/shop\/ostkueste\/byron-bay\/surfen-lernen-in-byron-bay\/\" title=\"Surfen lernen in Byron Bay\" class=\"btn btn-product-link\">\n\t\t\t\t\tlearn more\t\t\t\t<\/a>\n\t\t\t<\/div>\n\n\t\t<\/div>\n\t<\/div>\n\t\n\n\n\n\t<\/div>\n\t<\/div>\n<\/li><li class=\"product type-product post-1567 status-publish first instock product_cat-byron-bay product_cat-pakete has-post-thumbnail sold-individually taxable shipping-taxable purchasable product-type-booking\">\n\t<div class=\"container-preview-product-teaser\">\n\t\t<div class=\"content-preview-product-teaser\">\n\t\t\t\t   <div class=\"product-wrap\">\n\t\t\t<a href=\"https:\/\/www.timetobackpack.com\/shop\/ostkueste\/byron-bay\/time-for-a-quickie-byron-bay-nach-cairns-in-15-tagen\/\" aria-label=\"Time for a Quickie: Byron Bay nach Cairns in 15 Tagen\"><img width=\"700\" height=\"450\" src=\"https:\/\/www.timetobackpack.com\/wp-content\/uploads\/2017\/09\/Whitsundays-Tagestour-700x450.webp\" class=\"attachment-woocommerce_thumbnail size-woocommerce_thumbnail\" alt=\"Whitsundays Tagestour\" \/><img width=\"1528\" height=\"954\" src=\"https:\/\/www.timetobackpack.com\/wp-content\/uploads\/2018\/09\/Time-for-a-Quickie-15.png\" class=\"hover-gallery-image\" alt=\"\" srcset=\"https:\/\/www.timetobackpack.com\/wp-content\/uploads\/2018\/09\/Time-for-a-Quickie-15.png 1528w, https:\/\/www.timetobackpack.com\/wp-content\/uploads\/2018\/09\/Time-for-a-Quickie-15-300x187.png 300w, https:\/\/www.timetobackpack.com\/wp-content\/uploads\/2018\/09\/Time-for-a-Quickie-15-1024x639.png 1024w, https:\/\/www.timetobackpack.com\/wp-content\/uploads\/2018\/09\/Time-for-a-Quickie-15-768x479.png 768w, https:\/\/www.timetobackpack.com\/wp-content\/uploads\/2018\/09\/Time-for-a-Quickie-15-800x499.png 800w\" sizes=\"(max-width: 1528px) 100vw, 1528px\" \/><\/a>\n\t\t\t<div class=\"product-add-to-cart\" data-nectar-quickview=\"false\"><a href=\"https:\/\/www.timetobackpack.com\/shop\/ostkueste\/byron-bay\/time-for-a-quickie-byron-bay-nach-cairns-in-15-tagen\/\" aria-describedby=\"woocommerce_loop_add_to_cart_link_describedby_1567\" data-quantity=\"1\" class=\"button product_type_booking add_to_cart_button\" data-product_id=\"1567\" data-product_sku=\"\" aria-label=\"Read more about &ldquo;Time for a Quickie: Byron Bay nach Cairns in 15 Tagen&rdquo;\" rel=\"nofollow\">Read more<\/a>\t<span id=\"woocommerce_loop_add_to_cart_link_describedby_1567\" class=\"screen-reader-text\">\n\t\t\t<\/span>\n<\/div>\t\t   <\/div>\n\t\t<div class='preview-product-container'><div class='preview-product-title'>Time for a Quickie: Byron Bay nach Cairns in 15 Tagen<\/div>\n\t<span class=\"price\"><span class=\"woocs_price_code\" data-currency=\"\" data-redraw-id=\"69d25a9fd3753\"  data-product-id=\"1567\">From: <span class=\"woocommerce-Price-amount amount\"><bdi>2.299,00<span class=\"woocommerce-Price-currencySymbol\">&#36;<\/span><\/bdi><\/span><\/span><\/span>\n\n\n<div class='preview-product-desc'>Du hast nur kurze Zeit um die Ostk\u00fcste zu sehen? Dieser Ostk\u00fcsten Quickie ist perfekt f\u00fcr dich!<\/div><div class='preview-product-desc-btn-container'>\t\t\t\t\t<div class=\"duration-location-preview duration-location-2-elements\">\n\t\t\t\t\t\t<span class=\"duration-preview\"><i class=\"fa fa-clock-o\"><\/i>15 Tage<\/span>\n\t\t\t\t\t\t<span class=\"divider-attr\">|<\/span><span class=\"location-preview\"><i class=\"fa fa-map-marker\"><\/i>Byron Bay<\/span>\n\t\t\t\t\t<\/div>\n\t\t\t\t\t\n\t\t\t<div class=\"btn-product-link-container\">\n\t\t\t\t<a href=\"https:\/\/www.timetobackpack.com\/shop\/ostkueste\/byron-bay\/time-for-a-quickie-byron-bay-nach-cairns-in-15-tagen\/\" title=\"Time for a Quickie: Byron Bay nach Cairns in 15 Tagen\" class=\"btn btn-product-link\">\n\t\t\t\t\tlearn more\t\t\t\t<\/a>\n\t\t\t<\/div>\n\n\t\t<\/div>\n\t<\/div>\n\t\n\n\n\n\t<\/div>\n\t<\/div>\n<\/li><\/ul>\n<\/div>[\/vc_column_inner][\/vc_row_inner][\/vc_column][\/vc_row]\n","protected":false},"excerpt":{"rendered":"<p>[vc_row type=&#8221;in_container&#8221; full_screen_row_position=&#8221;middle&#8221; scene_position=&#8221;center&#8221; text_color=&#8221;dark&#8221; text_align=&#8221;left&#8221; class=&#8221;touren&#8221; overlay_strength=&#8221;0.3&#8243;][vc_column column_padding=&#8221;no-extra-padding&#8221; column_padding_position=&#8221;all&#8221; background_color_opacity=&#8221;1&#8243; background_hover_color_opacity=&#8221;1&#8243; column_shadow=&#8221;none&#8221; width=&#8221;1\/1&#8243; tablet_text_alignment=&#8221;default&#8221; phone_text_alignment=&#8221;default&#8221; column_border_width=&#8221;none&#8221; column_border_style=&#8221;solid&#8221;][vc_row_inner column_margin=&#8221;default&#8221; text_align=&#8221;left&#8221; class=&#8221;listtours&#8221;][vc_column_inner column_padding=&#8221;no-extra-padding&#8221; column_padding_position=&#8221;all&#8221; background_color_opacity=&#8221;1&#8243; width=&#8221;1\/1&#8243; column_border_width=&#8221;none&#8221; column_border_style=&#8221;solid&#8221;][heading subtitle=&#8221;Byron Bay is&#8230;<\/p>\n","protected":false},"author":1,"featured_media":0,"parent":0,"menu_order":0,"comment_status":"closed","ping_status":"closed","template":"","meta":{"_monsterinsights_skip_tracking":false,"_monsterinsights_sitenote_active":false,"_monsterinsights_sitenote_note":"","_monsterinsights_sitenote_category":0,"footnotes":""},"class_list":["post-1871636","page","type-page","status-publish"],"yoast_head":"<!-- This site is optimized with the Yoast SEO plugin v26.0 - https:\/\/yoast.com\/wordpress\/plugins\/seo\/ -->\n<title>Byron Bay - Time To Backpack<\/title>\n<meta name=\"robots\" content=\"index, follow, max-snippet:-1, max-image-preview:large, max-video-preview:-1\" \/>\n<link rel=\"canonical\" href=\"https:\/\/www.timetobackpack.com\/en\/byron-bay\/\" \/>\n<meta property=\"og:locale\" content=\"en_US\" \/>\n<meta property=\"og:type\" content=\"article\" \/>\n<meta property=\"og:title\" content=\"Byron Bay - Time To Backpack\" \/>\n<meta property=\"og:description\" content=\"[vc_row type=&#8221;in_container&#8221; full_screen_row_position=&#8221;middle&#8221; scene_position=&#8221;center&#8221; text_color=&#8221;dark&#8221; text_align=&#8221;left&#8221; class=&#8221;touren&#8221; overlay_strength=&#8221;0.3&#8243;][vc_column column_padding=&#8221;no-extra-padding&#8221; column_padding_position=&#8221;all&#8221; background_color_opacity=&#8221;1&#8243; background_hover_color_opacity=&#8221;1&#8243; column_shadow=&#8221;none&#8221; width=&#8221;1\/1&#8243; tablet_text_alignment=&#8221;default&#8221; phone_text_alignment=&#8221;default&#8221; column_border_width=&#8221;none&#8221; column_border_style=&#8221;solid&#8221;][vc_row_inner column_margin=&#8221;default&#8221; text_align=&#8221;left&#8221; class=&#8221;listtours&#8221;][vc_column_inner column_padding=&#8221;no-extra-padding&#8221; column_padding_position=&#8221;all&#8221; background_color_opacity=&#8221;1&#8243; width=&#8221;1\/1&#8243; column_border_width=&#8221;none&#8221; column_border_style=&#8221;solid&#8221;][heading subtitle=&#8221;Byron Bay is...\" \/>\n<meta property=\"og:url\" content=\"https:\/\/www.timetobackpack.com\/en\/byron-bay\/\" \/>\n<meta property=\"og:site_name\" content=\"Time To Backpack\" \/>\n<meta property=\"article:publisher\" content=\"https:\/\/www.facebook.com\/timetobackpack\/\" \/>\n<meta property=\"article:modified_time\" content=\"2025-01-10T10:15:50+00:00\" \/>\n<meta name=\"twitter:card\" content=\"summary_large_image\" \/>\n<meta name=\"twitter:label1\" content=\"Est. reading time\" \/>\n\t<meta name=\"twitter:data1\" content=\"1 minute\" \/>\n<script type=\"application\/ld+json\" class=\"yoast-schema-graph\">{\"@context\":\"https:\/\/schema.org\",\"@graph\":[{\"@type\":\"WebPage\",\"@id\":\"https:\/\/www.timetobackpack.com\/en\/byron-bay\/\",\"url\":\"https:\/\/www.timetobackpack.com\/en\/byron-bay\/\",\"name\":\"Byron Bay - Time To Backpack\",\"isPartOf\":{\"@id\":\"https:\/\/www.timetobackpack.com\/en\/#website\"},\"datePublished\":\"2025-01-10T10:15:46+00:00\",\"dateModified\":\"2025-01-10T10:15:50+00:00\",\"breadcrumb\":{\"@id\":\"https:\/\/www.timetobackpack.com\/en\/byron-bay\/#breadcrumb\"},\"inLanguage\":\"en-US\",\"potentialAction\":[{\"@type\":\"ReadAction\",\"target\":[\"https:\/\/www.timetobackpack.com\/en\/byron-bay\/\"]}]},{\"@type\":\"BreadcrumbList\",\"@id\":\"https:\/\/www.timetobackpack.com\/en\/byron-bay\/#breadcrumb\",\"itemListElement\":[{\"@type\":\"ListItem\",\"position\":1,\"name\":\"Startseite\",\"item\":\"https:\/\/www.timetobackpack.com\/en\/\"},{\"@type\":\"ListItem\",\"position\":2,\"name\":\"Byron Bay\"}]},{\"@type\":\"WebSite\",\"@id\":\"https:\/\/www.timetobackpack.com\/en\/#website\",\"url\":\"https:\/\/www.timetobackpack.com\/en\/\",\"name\":\"Time To Backpack\",\"description\":\"Willkomen bei Time To Backpack\",\"publisher\":{\"@id\":\"https:\/\/www.timetobackpack.com\/en\/#organization\"},\"potentialAction\":[{\"@type\":\"SearchAction\",\"target\":{\"@type\":\"EntryPoint\",\"urlTemplate\":\"https:\/\/www.timetobackpack.com\/en\/?s={search_term_string}\"},\"query-input\":{\"@type\":\"PropertyValueSpecification\",\"valueRequired\":true,\"valueName\":\"search_term_string\"}}],\"inLanguage\":\"en-US\"},{\"@type\":\"Organization\",\"@id\":\"https:\/\/www.timetobackpack.com\/en\/#organization\",\"name\":\"Time To Backpack\",\"url\":\"https:\/\/www.timetobackpack.com\/en\/\",\"logo\":{\"@type\":\"ImageObject\",\"inLanguage\":\"en-US\",\"@id\":\"https:\/\/www.timetobackpack.com\/en\/#\/schema\/logo\/image\/\",\"url\":\"https:\/\/timetobackpack.com\/wp-content\/uploads\/2017\/12\/final_logo-copy.jpg\",\"contentUrl\":\"https:\/\/timetobackpack.com\/wp-content\/uploads\/2017\/12\/final_logo-copy.jpg\",\"width\":1248,\"height\":1211,\"caption\":\"Time To Backpack\"},\"image\":{\"@id\":\"https:\/\/www.timetobackpack.com\/en\/#\/schema\/logo\/image\/\"},\"sameAs\":[\"https:\/\/www.facebook.com\/timetobackpack\/\",\"https:\/\/www.instagram.com\/timetobackpack\/\"]}]}<\/script>\n<!-- \/ Yoast SEO plugin. -->","yoast_head_json":{"title":"Byron Bay - Time To Backpack","robots":{"index":"index","follow":"follow","max-snippet":"max-snippet:-1","max-image-preview":"max-image-preview:large","max-video-preview":"max-video-preview:-1"},"canonical":"https:\/\/www.timetobackpack.com\/en\/byron-bay\/","og_locale":"en_US","og_type":"article","og_title":"Byron Bay - Time To Backpack","og_description":"[vc_row type=&#8221;in_container&#8221; full_screen_row_position=&#8221;middle&#8221; scene_position=&#8221;center&#8221; text_color=&#8221;dark&#8221; text_align=&#8221;left&#8221; class=&#8221;touren&#8221; overlay_strength=&#8221;0.3&#8243;][vc_column column_padding=&#8221;no-extra-padding&#8221; column_padding_position=&#8221;all&#8221; background_color_opacity=&#8221;1&#8243; background_hover_color_opacity=&#8221;1&#8243; column_shadow=&#8221;none&#8221; width=&#8221;1\/1&#8243; tablet_text_alignment=&#8221;default&#8221; phone_text_alignment=&#8221;default&#8221; column_border_width=&#8221;none&#8221; column_border_style=&#8221;solid&#8221;][vc_row_inner column_margin=&#8221;default&#8221; text_align=&#8221;left&#8221; class=&#8221;listtours&#8221;][vc_column_inner column_padding=&#8221;no-extra-padding&#8221; column_padding_position=&#8221;all&#8221; background_color_opacity=&#8221;1&#8243; width=&#8221;1\/1&#8243; column_border_width=&#8221;none&#8221; column_border_style=&#8221;solid&#8221;][heading subtitle=&#8221;Byron Bay is...","og_url":"https:\/\/www.timetobackpack.com\/en\/byron-bay\/","og_site_name":"Time To Backpack","article_publisher":"https:\/\/www.facebook.com\/timetobackpack\/","article_modified_time":"2025-01-10T10:15:50+00:00","twitter_card":"summary_large_image","twitter_misc":{"Est. reading time":"1 minute"},"schema":{"@context":"https:\/\/schema.org","@graph":[{"@type":"WebPage","@id":"https:\/\/www.timetobackpack.com\/en\/byron-bay\/","url":"https:\/\/www.timetobackpack.com\/en\/byron-bay\/","name":"Byron Bay - Time To Backpack","isPartOf":{"@id":"https:\/\/www.timetobackpack.com\/en\/#website"},"datePublished":"2025-01-10T10:15:46+00:00","dateModified":"2025-01-10T10:15:50+00:00","breadcrumb":{"@id":"https:\/\/www.timetobackpack.com\/en\/byron-bay\/#breadcrumb"},"inLanguage":"en-US","potentialAction":[{"@type":"ReadAction","target":["https:\/\/www.timetobackpack.com\/en\/byron-bay\/"]}]},{"@type":"BreadcrumbList","@id":"https:\/\/www.timetobackpack.com\/en\/byron-bay\/#breadcrumb","itemListElement":[{"@type":"ListItem","position":1,"name":"Startseite","item":"https:\/\/www.timetobackpack.com\/en\/"},{"@type":"ListItem","position":2,"name":"Byron Bay"}]},{"@type":"WebSite","@id":"https:\/\/www.timetobackpack.com\/en\/#website","url":"https:\/\/www.timetobackpack.com\/en\/","name":"Time To Backpack","description":"Willkomen bei Time To Backpack","publisher":{"@id":"https:\/\/www.timetobackpack.com\/en\/#organization"},"potentialAction":[{"@type":"SearchAction","target":{"@type":"EntryPoint","urlTemplate":"https:\/\/www.timetobackpack.com\/en\/?s={search_term_string}"},"query-input":{"@type":"PropertyValueSpecification","valueRequired":true,"valueName":"search_term_string"}}],"inLanguage":"en-US"},{"@type":"Organization","@id":"https:\/\/www.timetobackpack.com\/en\/#organization","name":"Time To Backpack","url":"https:\/\/www.timetobackpack.com\/en\/","logo":{"@type":"ImageObject","inLanguage":"en-US","@id":"https:\/\/www.timetobackpack.com\/en\/#\/schema\/logo\/image\/","url":"https:\/\/timetobackpack.com\/wp-content\/uploads\/2017\/12\/final_logo-copy.jpg","contentUrl":"https:\/\/timetobackpack.com\/wp-content\/uploads\/2017\/12\/final_logo-copy.jpg","width":1248,"height":1211,"caption":"Time To Backpack"},"image":{"@id":"https:\/\/www.timetobackpack.com\/en\/#\/schema\/logo\/image\/"},"sameAs":["https:\/\/www.facebook.com\/timetobackpack\/","https:\/\/www.instagram.com\/timetobackpack\/"]}]}},"_links":{"self":[{"href":"https:\/\/www.timetobackpack.com\/en\/wp-json\/wp\/v2\/pages\/1871636","targetHints":{"allow":["GET"]}}],"collection":[{"href":"https:\/\/www.timetobackpack.com\/en\/wp-json\/wp\/v2\/pages"}],"about":[{"href":"https:\/\/www.timetobackpack.com\/en\/wp-json\/wp\/v2\/types\/page"}],"author":[{"embeddable":true,"href":"https:\/\/www.timetobackpack.com\/en\/wp-json\/wp\/v2\/users\/1"}],"replies":[{"embeddable":true,"href":"https:\/\/www.timetobackpack.com\/en\/wp-json\/wp\/v2\/comments?post=1871636"}],"version-history":[{"count":1,"href":"https:\/\/www.timetobackpack.com\/en\/wp-json\/wp\/v2\/pages\/1871636\/revisions"}],"predecessor-version":[{"id":1871639,"href":"https:\/\/www.timetobackpack.com\/en\/wp-json\/wp\/v2\/pages\/1871636\/revisions\/1871639"}],"wp:attachment":[{"href":"https:\/\/www.timetobackpack.com\/en\/wp-json\/wp\/v2\/media?parent=1871636"}],"curies":[{"name":"wp","href":"https:\/\/api.w.org\/{rel}","templated":true}]}}